{"id":3,"date":"2025-01-28T18:33:33","date_gmt":"2025-01-28T18:33:33","guid":{"rendered":"https:\/\/ev-distributors.com\/?page_id=3"},"modified":"2025-02-04T18:30:18","modified_gmt":"2025-02-04T21:30:18","slug":"privacy-policy","status":"publish","type":"page","link":"https:\/\/ev-distributors.com\/es\/privacy-policy\/","title":{"rendered":"Pol\u00edtica de Privacidad"},"content":{"rendered":"<div data-elementor-type=\"wp-page\" data-elementor-id=\"3\" class=\"elementor elementor-3\" data-elementor-post-type=\"page\">\n\t\t\t\t<div class=\"elementor-element elementor-element-e301cf6 e-flex e-con-boxed e-con e-parent\" data-id=\"e301cf6\" data-element_type=\"container\" data-e-type=\"container\">\n\t\t\t\t\t<div class=\"e-con-inner\">\n\t\t<div class=\"elementor-element elementor-element-a89a018 e-con-full e-flex e-con e-child\" data-id=\"a89a018\" data-element_type=\"container\" data-e-type=\"container\">\n\t\t\t\t<div class=\"elementor-element elementor-element-7c4c9d6 elementor-widget elementor-widget-heading\" data-id=\"7c4c9d6\" data-element_type=\"widget\" data-e-type=\"widget\" data-widget_type=\"heading.default\">\n\t\t\t\t<div class=\"elementor-widget-container\">\n\t\t\t\t\t<h1 class=\"elementor-heading-title elementor-size-default\">Pol\u00edtica de Privacidad - EV Distributors of Miami<\/h1>\t\t\t\t<\/div>\n\t\t\t\t<\/div>\n\t\t\t\t<\/div>\n\t\t<div class=\"elementor-element elementor-element-07d2350 e-con-full e-flex e-con e-child\" data-id=\"07d2350\" data-element_type=\"container\" data-e-type=\"container\">\n\t\t\t\t<div class=\"elementor-element elementor-element-da4d644 elementor-widget elementor-widget-text-editor\" data-id=\"da4d644\" data-element_type=\"widget\" data-e-type=\"widget\" data-widget_type=\"text-editor.default\">\n\t\t\t\t<div class=\"elementor-widget-container\">\n\t\t\t\t\t\t\t\t\t<p class=\"translation-block\">Al utilizar nuestra plataforma y enviar el formulario de contacto, nos proporciona cierta informaci\u00f3n personal para facilitar la tramitaci\u00f3n de su consulta o solicitud. <strong>EV Distributors of Miami LLC<\/strong> se compromete a garantizar la seguridad e integridad de los datos que usted proporciona, respetando su privacidad y manteniendo una total transparencia durante todo el proceso. Nos dedicamos a procesar esta informaci\u00f3n con los m\u00e1s altos est\u00e1ndares y medidas de seguridad en su lugar.<\/p>\t\t\t\t\t\t\t\t<\/div>\n\t\t\t\t<\/div>\n\t\t\t\t<\/div>\n\t\t<div class=\"elementor-element elementor-element-29861cf e-con-full e-flex e-con e-child\" data-id=\"29861cf\" data-element_type=\"container\" data-e-type=\"container\">\n\t\t\t\t<div class=\"elementor-element elementor-element-83fcb53 elementor-widget elementor-widget-heading\" data-id=\"83fcb53\" data-element_type=\"widget\" data-e-type=\"widget\" data-widget_type=\"heading.default\">\n\t\t\t\t<div class=\"elementor-widget-container\">\n\t\t\t\t\t<h2 class=\"elementor-heading-title elementor-size-default\">\u00bfQu\u00e9 informaci\u00f3n recoge EV Distributors of Miami?<\/h2>\t\t\t\t<\/div>\n\t\t\t\t<\/div>\n\t\t\t\t<\/div>\n\t\t<div class=\"elementor-element elementor-element-b724bed e-con-full e-flex e-con e-child\" data-id=\"b724bed\" data-element_type=\"container\" data-e-type=\"container\">\n\t\t\t\t<div class=\"elementor-element elementor-element-2b9f3d8 elementor-widget elementor-widget-text-editor\" data-id=\"2b9f3d8\" data-element_type=\"widget\" data-e-type=\"widget\" data-widget_type=\"text-editor.default\">\n\t\t\t\t<div class=\"elementor-widget-container\">\n\t\t\t\t\t\t\t\t\t<p>Cuando se pone en contacto con nosotros a trav\u00e9s de nuestro formulario de contacto, recopilamos informaci\u00f3n como su nombre, apellido, direcci\u00f3n de correo electr\u00f3nico, n\u00famero de tel\u00e9fono y cualquier otro dato relevante que elija proporcionarnos para responder a su consulta.<\/p>\n<p>Adem\u00e1s, algunos datos t\u00e9cnicos, como las direcciones IP y los detalles del dispositivo, pueden recopilarse autom\u00e1ticamente mientras navega por nuestra plataforma. Esta informaci\u00f3n se utiliza para mejorar el servicio que ofrecemos.<\/p>\t\t\t\t\t\t\t\t<\/div>\n\t\t\t\t<\/div>\n\t\t\t\t<\/div>\n\t\t<div class=\"elementor-element elementor-element-81f6bdc e-con-full e-flex e-con e-child\" data-id=\"81f6bdc\" data-element_type=\"container\" data-e-type=\"container\">\n\t\t\t\t<div class=\"elementor-element elementor-element-5c04cb2 elementor-widget elementor-widget-heading\" data-id=\"5c04cb2\" data-element_type=\"widget\" data-e-type=\"widget\" data-widget_type=\"heading.default\">\n\t\t\t\t<div class=\"elementor-widget-container\">\n\t\t\t\t\t<h2 class=\"elementor-heading-title elementor-size-default\">\u00bfC\u00f3mo se utilizan los datos recogidos?<\/h2>\t\t\t\t<\/div>\n\t\t\t\t<\/div>\n\t\t\t\t<\/div>\n\t\t<div class=\"elementor-element elementor-element-90588ea e-con-full e-flex e-con e-child\" data-id=\"90588ea\" data-element_type=\"container\" data-e-type=\"container\">\n\t\t\t\t<div class=\"elementor-element elementor-element-c2d2f59 elementor-widget elementor-widget-text-editor\" data-id=\"c2d2f59\" data-element_type=\"widget\" data-e-type=\"widget\" data-widget_type=\"text-editor.default\">\n\t\t\t\t<div class=\"elementor-widget-container\">\n\t\t\t\t\t\t\t\t\t<p>Los datos que nos facilites a trav\u00e9s del formulario de contacto se utilizan exclusivamente para responder a tu consulta, proporcionar informaci\u00f3n adicional o tomar las medidas necesarias relacionadas con tu solicitud.<\/p>\n<p>Tambi\u00e9n podemos utilizar tecnolog\u00edas autom\u00e1ticas para recopilar datos sobre las actividades en nuestra plataforma con el fin de mejorar la experiencia del usuario, tales como:<\/p>\n<ul>\n<li>\n<p class=\"translation-block\"><strong>Cookies<\/strong>: archivos a\u00f1adidos al dispositivo del usuario para ofrecer una experiencia personalizada y mejorar el servicio.<\/p>\n<\/li>\n<li>\n<p class=\"translation-block\"><strong>Pixels<\/strong>: Piezas de c\u00f3digo utilizadas para rastrear las actividades del usuario y redirigirlos a diferentes secciones de nuestra plataforma.<\/p>\n<\/li>\n<\/ul>\t\t\t\t\t\t\t\t<\/div>\n\t\t\t\t<\/div>\n\t\t\t\t<\/div>\n\t\t<div class=\"elementor-element elementor-element-8c74745 e-con-full e-flex e-con e-child\" data-id=\"8c74745\" data-element_type=\"container\" data-e-type=\"container\">\n\t\t\t\t<div class=\"elementor-element elementor-element-32a707b elementor-widget elementor-widget-heading\" data-id=\"32a707b\" data-element_type=\"widget\" data-e-type=\"widget\" data-widget_type=\"heading.default\">\n\t\t\t\t<div class=\"elementor-widget-container\">\n\t\t\t\t\t<h2 class=\"elementor-heading-title elementor-size-default\">Cambios a esta Pol\u00edtica de Privacidad<\/h2>\t\t\t\t<\/div>\n\t\t\t\t<\/div>\n\t\t\t\t<\/div>\n\t\t<div class=\"elementor-element elementor-element-8be4f64 e-con-full e-flex e-con e-child\" data-id=\"8be4f64\" data-element_type=\"container\" data-e-type=\"container\">\n\t\t\t\t<div class=\"elementor-element elementor-element-b6d33b4 elementor-widget elementor-widget-text-editor\" data-id=\"b6d33b4\" data-element_type=\"widget\" data-e-type=\"widget\" data-widget_type=\"text-editor.default\">\n\t\t\t\t<div class=\"elementor-widget-container\">\n\t\t\t\t\t\t\t\t\t<p>Nuestra pol\u00edtica de privacidad est\u00e1 sujeta a actualizaciones continuas para mejorar la experiencia del usuario y optimizar el manejo de los datos recopilados. Cualquier modificaci\u00f3n a esta pol\u00edtica se aplicar\u00e1 a todos los usuarios que utilicen nuestra plataforma.<\/p>\n<p>Recomendamos revisar peri\u00f3dicamente esta pol\u00edtica de privacidad para mantenerse informado de cualquier actualizaci\u00f3n.<\/p>\t\t\t\t\t\t\t\t<\/div>\n\t\t\t\t<\/div>\n\t\t\t\t<\/div>\n\t\t<div class=\"elementor-element elementor-element-789f7ec e-con-full e-flex e-con e-child\" data-id=\"789f7ec\" data-element_type=\"container\" data-e-type=\"container\">\n\t\t\t\t<div class=\"elementor-element elementor-element-9e228c9 elementor-widget elementor-widget-heading\" data-id=\"9e228c9\" data-element_type=\"widget\" data-e-type=\"widget\" data-widget_type=\"heading.default\">\n\t\t\t\t<div class=\"elementor-widget-container\">\n\t\t\t\t\t<h2 class=\"elementor-heading-title elementor-size-default\">Errores y Omisiones<\/h2>\t\t\t\t<\/div>\n\t\t\t\t<\/div>\n\t\t\t\t<\/div>\n\t\t<div class=\"elementor-element elementor-element-6b98227 e-con-full e-flex e-con e-child\" data-id=\"6b98227\" data-element_type=\"container\" data-e-type=\"container\">\n\t\t\t\t<div class=\"elementor-element elementor-element-23ee390 elementor-widget elementor-widget-text-editor\" data-id=\"23ee390\" data-element_type=\"widget\" data-e-type=\"widget\" data-widget_type=\"text-editor.default\">\n\t\t\t\t<div class=\"elementor-widget-container\">\n\t\t\t\t\t\t\t\t\t<p class=\"translation-block\">Toda la informaci\u00f3n presentada en nuestra plataforma est\u00e1 sujeta a mecanismos de control para garantizar su exactitud. Sin embargo, <strong>EV Distributors of Miami LLC<\/strong> no es responsable de ning\u00fan error u omisi\u00f3n en los datos mostrados en la plataforma.<\/p>\t\t\t\t\t\t\t\t<\/div>\n\t\t\t\t<\/div>\n\t\t\t\t<\/div>\n\t\t<div class=\"elementor-element elementor-element-1e7167f e-con-full e-flex e-con e-child\" data-id=\"1e7167f\" data-element_type=\"container\" data-e-type=\"container\">\n\t\t\t\t<div class=\"elementor-element elementor-element-252d9df elementor-widget elementor-widget-heading\" data-id=\"252d9df\" data-element_type=\"widget\" data-e-type=\"widget\" data-widget_type=\"heading.default\">\n\t\t\t\t<div class=\"elementor-widget-container\">\n\t\t\t\t\t<h2 class=\"elementor-heading-title elementor-size-default\">Propiedad Intelectual<\/h2>\t\t\t\t<\/div>\n\t\t\t\t<\/div>\n\t\t\t\t<\/div>\n\t\t<div class=\"elementor-element elementor-element-304e82e e-con-full e-flex e-con e-child\" data-id=\"304e82e\" data-element_type=\"container\" data-e-type=\"container\">\n\t\t\t\t<div class=\"elementor-element elementor-element-0df408b elementor-widget elementor-widget-text-editor\" data-id=\"0df408b\" data-element_type=\"widget\" data-e-type=\"widget\" data-widget_type=\"text-editor.default\">\n\t\t\t\t<div class=\"elementor-widget-container\">\n\t\t\t\t\t\t\t\t\t<p class=\"translation-block\">Todos los elementos incluidos en nuestra plataforma, tales como texto, im\u00e1genes, logotipos, gr\u00e1ficos y otros, son propiedad de <strong>EV Distributors of Miami LLC<\/strong> y no pueden ser reproducidos, utilizados, adaptados o vendidos sin el permiso previo por escrito de nuestra empresa.<\/p>\t\t\t\t\t\t\t\t<\/div>\n\t\t\t\t<\/div>\n\t\t\t\t<\/div>\n\t\t<div class=\"elementor-element elementor-element-588aed4 e-con-full e-flex e-con e-child\" data-id=\"588aed4\" data-element_type=\"container\" data-e-type=\"container\">\n\t\t\t\t<div class=\"elementor-element elementor-element-60ab879 elementor-widget elementor-widget-heading\" data-id=\"60ab879\" data-element_type=\"widget\" data-e-type=\"widget\" data-widget_type=\"heading.default\">\n\t\t\t\t<div class=\"elementor-widget-container\">\n\t\t\t\t\t<h2 class=\"elementor-heading-title elementor-size-default\">Cont\u00e1ctanos<\/h2>\t\t\t\t<\/div>\n\t\t\t\t<\/div>\n\t\t\t\t<\/div>\n\t\t<div class=\"elementor-element elementor-element-d17f8c0 e-con-full e-flex e-con e-child\" data-id=\"d17f8c0\" data-element_type=\"container\" data-e-type=\"container\">\n\t\t\t\t<div class=\"elementor-element elementor-element-a247a78 elementor-widget elementor-widget-text-editor\" data-id=\"a247a78\" data-element_type=\"widget\" data-e-type=\"widget\" data-widget_type=\"text-editor.default\">\n\t\t\t\t<div class=\"elementor-widget-container\">\n\t\t\t\t\t\t\t\t\t<p>Si tiene alguna pregunta o inquietud sobre esta pol\u00edtica de privacidad, no dude en ponerse en contacto con nosotros. Estamos disponibles para resolver cualquier duda y garantizar una experiencia transparente y satisfactoria.<\/p>\t\t\t\t\t\t\t\t<\/div>\n\t\t\t\t<\/div>\n\t\t\t\t<\/div>\n\t\t\t\t\t<\/div>\n\t\t\t\t<\/div>\n\t\t\t\t<\/div>","protected":false},"excerpt":{"rendered":"<p>Privacy Policy &#8211; EV Distributors of Miami By using our platform and submitting the contact form, you provide us with certain personal information to facilitate the handling of your inquiry or request. EV Distributors of Miami LLC is committed to ensuring the security and integrity of the data you provide, respecting your privacy, and maintaining [&hellip;]<\/p>\n","protected":false},"author":2,"featured_media":0,"parent":0,"menu_order":0,"comment_status":"closed","ping_status":"closed","template":"","meta":{"_joinchat":[],"footnotes":""},"class_list":["post-3","page","type-page","status-publish","hentry"],"yoast_head":"<!-- This site is optimized with the Yoast SEO plugin v27.2 - https:\/\/yoast.com\/product\/yoast-seo-wordpress\/ -->\n<title>Privacy Policy | EV Distributors of Miami<\/title>\n<meta name=\"robots\" content=\"noindex, follow\" \/>\n<meta property=\"og:locale\" content=\"es_MX\" \/>\n<meta property=\"og:type\" content=\"article\" \/>\n<meta property=\"og:title\" content=\"Privacy Policy | EV Distributors of Miami\" \/>\n<meta property=\"og:description\" content=\"Privacy Policy &#8211; EV Distributors of Miami By using our platform and submitting the contact form, you provide us with certain personal information to facilitate the handling of your inquiry or request. EV Distributors of Miami LLC is committed to ensuring the security and integrity of the data you provide, respecting your privacy, and maintaining [&hellip;]\" \/>\n<meta property=\"og:url\" content=\"https:\/\/ev-distributors.com\/es\/privacy-policy\/\" \/>\n<meta property=\"og:site_name\" content=\"EV Distributors of Miami\" \/>\n<meta property=\"article:modified_time\" content=\"2025-02-04T21:30:18+00:00\" \/>\n<meta property=\"og:image\" content=\"https:\/\/ev-distributors.com\/wp-content\/uploads\/2025\/01\/logo-ev-q.png\" \/>\n\t<meta property=\"og:image:width\" content=\"600\" \/>\n\t<meta property=\"og:image:height\" content=\"600\" \/>\n\t<meta property=\"og:image:type\" content=\"image\/png\" \/>\n<meta name=\"twitter:card\" content=\"summary_large_image\" \/>\n<meta name=\"twitter:label1\" content=\"Tiempo de lectura\" \/>\n\t<meta name=\"twitter:data1\" content=\"2 minutos\" \/>\n<script type=\"application\/ld+json\" class=\"yoast-schema-graph\">{\"@context\":\"https:\/\/schema.org\",\"@graph\":[{\"@type\":\"WebPage\",\"@id\":\"https:\/\/ev-distributors.com\/privacy-policy\/\",\"url\":\"https:\/\/ev-distributors.com\/privacy-policy\/\",\"name\":\"Privacy Policy | EV Distributors of Miami\",\"isPartOf\":{\"@id\":\"https:\/\/23.20.213.200\/#website\"},\"datePublished\":\"2025-01-28T18:33:33+00:00\",\"dateModified\":\"2025-02-04T21:30:18+00:00\",\"breadcrumb\":{\"@id\":\"https:\/\/ev-distributors.com\/privacy-policy\/#breadcrumb\"},\"inLanguage\":\"es\",\"potentialAction\":[{\"@type\":\"ReadAction\",\"target\":[\"https:\/\/ev-distributors.com\/privacy-policy\/\"]}]},{\"@type\":\"BreadcrumbList\",\"@id\":\"https:\/\/ev-distributors.com\/privacy-policy\/#breadcrumb\",\"itemListElement\":[{\"@type\":\"ListItem\",\"position\":1,\"name\":\"Inicio\",\"item\":\"https:\/\/23.20.213.200\/\"},{\"@type\":\"ListItem\",\"position\":2,\"name\":\"Privacy Policy\"}]},{\"@type\":\"WebSite\",\"@id\":\"https:\/\/23.20.213.200\/#website\",\"url\":\"https:\/\/23.20.213.200\/\",\"name\":\"EV Distributors of Miami\",\"description\":\"Fast &amp; reliable auto parts shipping to Latin America &amp; the Caribbean.\",\"publisher\":{\"@id\":\"https:\/\/23.20.213.200\/#organization\"},\"alternateName\":\"EV Distributors\",\"potentialAction\":[{\"@type\":\"SearchAction\",\"target\":{\"@type\":\"EntryPoint\",\"urlTemplate\":\"https:\/\/23.20.213.200\/?s={search_term_string}\"},\"query-input\":{\"@type\":\"PropertyValueSpecification\",\"valueRequired\":true,\"valueName\":\"search_term_string\"}}],\"inLanguage\":\"es\"},{\"@type\":\"Organization\",\"@id\":\"https:\/\/23.20.213.200\/#organization\",\"name\":\"EV Distributors of Miami\",\"alternateName\":\"EV Distributors\",\"url\":\"https:\/\/23.20.213.200\/\",\"logo\":{\"@type\":\"ImageObject\",\"inLanguage\":\"es\",\"@id\":\"https:\/\/23.20.213.200\/#\/schema\/logo\/image\/\",\"url\":\"https:\/\/ev-distributors.com\/wp-content\/uploads\/2025\/01\/logo-ev.png\",\"contentUrl\":\"https:\/\/ev-distributors.com\/wp-content\/uploads\/2025\/01\/logo-ev.png\",\"width\":704,\"height\":206,\"caption\":\"EV Distributors of Miami\"},\"image\":{\"@id\":\"https:\/\/23.20.213.200\/#\/schema\/logo\/image\/\"}}]}<\/script>\n<!-- \/ Yoast SEO plugin. -->","yoast_head_json":{"title":"Privacy Policy | EV Distributors of Miami","robots":{"index":"noindex","follow":"follow"},"og_locale":"es_MX","og_type":"article","og_title":"Privacy Policy | EV Distributors of Miami","og_description":"Privacy Policy &#8211; EV Distributors of Miami By using our platform and submitting the contact form, you provide us with certain personal information to facilitate the handling of your inquiry or request. EV Distributors of Miami LLC is committed to ensuring the security and integrity of the data you provide, respecting your privacy, and maintaining [&hellip;]","og_url":"https:\/\/ev-distributors.com\/es\/privacy-policy\/","og_site_name":"EV Distributors of Miami","article_modified_time":"2025-02-04T21:30:18+00:00","og_image":[{"width":600,"height":600,"url":"https:\/\/ev-distributors.com\/wp-content\/uploads\/2025\/01\/logo-ev-q.png","type":"image\/png"}],"twitter_card":"summary_large_image","twitter_misc":{"Tiempo de lectura":"2 minutos"},"schema":{"@context":"https:\/\/schema.org","@graph":[{"@type":"WebPage","@id":"https:\/\/ev-distributors.com\/privacy-policy\/","url":"https:\/\/ev-distributors.com\/privacy-policy\/","name":"Privacy Policy | EV Distributors of Miami","isPartOf":{"@id":"https:\/\/23.20.213.200\/#website"},"datePublished":"2025-01-28T18:33:33+00:00","dateModified":"2025-02-04T21:30:18+00:00","breadcrumb":{"@id":"https:\/\/ev-distributors.com\/privacy-policy\/#breadcrumb"},"inLanguage":"es","potentialAction":[{"@type":"ReadAction","target":["https:\/\/ev-distributors.com\/privacy-policy\/"]}]},{"@type":"BreadcrumbList","@id":"https:\/\/ev-distributors.com\/privacy-policy\/#breadcrumb","itemListElement":[{"@type":"ListItem","position":1,"name":"Inicio","item":"https:\/\/23.20.213.200\/"},{"@type":"ListItem","position":2,"name":"Privacy Policy"}]},{"@type":"WebSite","@id":"https:\/\/23.20.213.200\/#website","url":"https:\/\/23.20.213.200\/","name":"EV Distributors of Miami","description":"Fast &amp; reliable auto parts shipping to Latin America &amp; the Caribbean.","publisher":{"@id":"https:\/\/23.20.213.200\/#organization"},"alternateName":"EV Distributors","potentialAction":[{"@type":"SearchAction","target":{"@type":"EntryPoint","urlTemplate":"https:\/\/23.20.213.200\/?s={search_term_string}"},"query-input":{"@type":"PropertyValueSpecification","valueRequired":true,"valueName":"search_term_string"}}],"inLanguage":"es"},{"@type":"Organization","@id":"https:\/\/23.20.213.200\/#organization","name":"EV Distributors of Miami","alternateName":"EV Distributors","url":"https:\/\/23.20.213.200\/","logo":{"@type":"ImageObject","inLanguage":"es","@id":"https:\/\/23.20.213.200\/#\/schema\/logo\/image\/","url":"https:\/\/ev-distributors.com\/wp-content\/uploads\/2025\/01\/logo-ev.png","contentUrl":"https:\/\/ev-distributors.com\/wp-content\/uploads\/2025\/01\/logo-ev.png","width":704,"height":206,"caption":"EV Distributors of Miami"},"image":{"@id":"https:\/\/23.20.213.200\/#\/schema\/logo\/image\/"}}]}},"_links":{"self":[{"href":"https:\/\/ev-distributors.com\/es\/wp-json\/wp\/v2\/pages\/3","targetHints":{"allow":["GET"]}}],"collection":[{"href":"https:\/\/ev-distributors.com\/es\/wp-json\/wp\/v2\/pages"}],"about":[{"href":"https:\/\/ev-distributors.com\/es\/wp-json\/wp\/v2\/types\/page"}],"author":[{"embeddable":true,"href":"https:\/\/ev-distributors.com\/es\/wp-json\/wp\/v2\/users\/2"}],"replies":[{"embeddable":true,"href":"https:\/\/ev-distributors.com\/es\/wp-json\/wp\/v2\/comments?post=3"}],"version-history":[{"count":8,"href":"https:\/\/ev-distributors.com\/es\/wp-json\/wp\/v2\/pages\/3\/revisions"}],"predecessor-version":[{"id":667,"href":"https:\/\/ev-distributors.com\/es\/wp-json\/wp\/v2\/pages\/3\/revisions\/667"}],"wp:attachment":[{"href":"https:\/\/ev-distributors.com\/es\/wp-json\/wp\/v2\/media?parent=3"}],"curies":[{"name":"wp","href":"https:\/\/api.w.org\/{rel}","templated":true}]}}